{"id":9,"date":"2026-04-25T18:12:24","date_gmt":"2026-04-25T18:12:24","guid":{"rendered":"https:\/\/inmanuelkant.com\/?page_id=9"},"modified":"2026-04-25T18:31:52","modified_gmt":"2026-04-25T18:31:52","slug":"home","status":"publish","type":"page","link":"https:\/\/inmanuelkant.com\/","title":{"rendered":"Home"},"content":{"rendered":"\n<p><strong>Una breve presentaci\u00f3n:<\/strong><\/p>\n\n\n\n<p>No te voy a contar cosas bonitas ni mis logros extraordinarios.<\/p>\n\n\n\n<p>No hay fotos bonitas para parecer m\u00e1s de lo que es.<\/p>\n\n\n\n<p>Lo que es, es lo que hay.<\/p>\n\n\n\n<p>Quebr\u00e9 mi primera empresa,<\/p>\n\n\n\n<p>Si, as\u00ed fue.<\/p>\n\n\n\n<p>5 a\u00f1os de trabajo, el mayor aprendizaje que me llev\u00e9 fue lo terco pesado y tambi\u00e9n grand\u00edsimo hijo de puta obsesionado que puedo ser.<\/p>\n\n\n\n<p>Porque ahora estoy montando mi segunda compa\u00f1\u00eda.<\/p>\n\n\n\n<p>Aprend\u00ed mucho lamiendo culos y esperando en salas de espera de empresas peque\u00f1as o medianas ,<\/p>\n\n\n\n<p>a que un cabronazo que facturaba 100mil euros al a\u00f1o y que tiene una mujer le pone los cuernos, me atendiera para una m\u00edsera web de 50 euros al mes.<\/p>\n\n\n\n<p>Si, ah\u00ed estaba yo, con una corbata que me puse 1 hora antes con un v\u00eddeo de YouTube y la camisa de fin de a\u00f1o de cuando ten\u00eda 17 a\u00f1os.<\/p>\n\n\n\n<p>La camisa era del mango y una amiga la rob\u00f3, <\/p>\n\n\n\n<p>imag\u00ednate el panorama y de lo abajo que ven\u00eda.&nbsp;<\/p>\n\n\n\n<p>Pero acab\u00e9 5 a\u00f1os despu\u00e9s cerrando tratos de 30mil euros por una puta web similar a la que le hac\u00eda a ese tipo por 50 euros, que encima me rechaz\u00f3.<\/p>\n\n\n\n<p>Esto me dio un aprendizaje brutal.&nbsp;<\/p>\n\n\n\n<p>La diferencia entre donde est\u00e1s y donde tienes que estar, es el conocimiento.<\/p>\n\n\n\n<p>Soy millonario?<\/p>\n\n\n\n<p>No.<\/p>\n\n\n\n<p>Facturo millones?<\/p>\n\n\n\n<p>No.<\/p>\n\n\n\n<p>Pero si unos cientos de miles.<\/p>\n\n\n\n<p>Facturar\u00e9 millones?&nbsp;<\/p>\n\n\n\n<p>Pr\u00f3ximamente.<\/p>\n\n\n\n<p>Vivir\u00e9 en Dub\u00e1i, te mostrar\u00e9 un rolex, camisa gucci y un lambo?<\/p>\n\n\n\n<p>No nos faltemos al respeto, ni t\u00fa por pensar eso, ni yo por pensar que t\u00fa esperes eso de m\u00ed.&nbsp;<\/p>\n\n\n\n<p>Quitando el coche, lo dem\u00e1s podr\u00eda hacerlo a d\u00eda de hoy y mostr\u00e1rtelo, pero esa mierda no va conmigo.<\/p>\n\n\n\n<p>Como dije,<\/p>\n\n\n\n<p>Qui\u00e9n quieres ser, y quien eres tiene un puente.<\/p>\n\n\n\n<p>El conocimiento, para pasar de un lado al otro.<\/p>\n\n\n\n<p>Y ese conocimiento te lo doy en los emails que envi\u00f3 cada d\u00eda sin excepci\u00f3n.<\/p>\n\n\n\n<p>Y para recibir esos emails, te apuntas aqu\u00ed:<\/p>\n\n\n<style id=\"wpforms-css-vars-20-block-7ae84196-802e-43ae-befc-2c0c3922f205\">\n\t\t\t\t#wpforms-20.wpforms-block-7ae84196-802e-43ae-befc-2c0c3922f205 {\n\t\t\t\t--wpforms-label-color: var(--base-3);\n--wpforms-field-border-size: 3px;\n--wpforms-field-background-color: var(--base-3);\n--wpforms-field-border-color: var(--base-3);\n--wpforms-field-border-color-spare: var(--base-3);\n--wpforms-field-text-color: var(--base-3);\n--wpforms-field-size-input-height: 43px;\n--wpforms-field-size-input-spacing: 15px;\n--wpforms-field-size-font-size: 16px;\n--wpforms-field-size-line-height: 19px;\n--wpforms-field-size-padding-h: 14px;\n--wpforms-field-size-checkbox-size: 16px;\n--wpforms-field-size-sublabel-spacing: 5px;\n--wpforms-field-size-icon-size: 1;\n--wpforms-label-size-font-size: 16px;\n--wpforms-label-size-line-height: 19px;\n--wpforms-label-size-sublabel-font-size: 14px;\n--wpforms-label-size-sublabel-line-height: 17px;\n--wpforms-button-size-font-size: 17px;\n--wpforms-button-size-height: 41px;\n--wpforms-button-size-padding-h: 15px;\n--wpforms-button-size-margin-top: 10px;\n\t\t\t}\n\t\t\t<\/style><div class=\"wpforms-container wpforms-container-full wpforms-block wpforms-block-7ae84196-802e-43ae-befc-2c0c3922f205 wpforms-render-modern\" id=\"wpforms-20\"><form id=\"wpforms-form-20\" class=\"wpforms-validate wpforms-form wpforms-ajax-form\" data-formid=\"20\" method=\"post\" enctype=\"multipart\/form-data\" action=\"\/index.php\/wp-json\/wp\/v2\/pages\/9\" data-token=\"e58507fc78bedfb35c51fed25eef9e2e\" data-token-time=\"1777204958\"><noscript class=\"wpforms-error-noscript\">Por favor, activa JavaScript en tu navegador para completar este formulario.<\/noscript><div id=\"wpforms-error-noscript\" style=\"display: none;\">Por favor, activa JavaScript en tu navegador para completar este formulario.<\/div><div class=\"wpforms-field-container\">\t\t<div id=\"wpforms-20-field_1-container\"\n\t\t\tclass=\"wpforms-field wpforms-field-text\"\n\t\t\tdata-field-type=\"text\"\n\t\t\tdata-field-id=\"1\"\n\t\t\t>\n\t\t\t<label class=\"wpforms-field-label\" for=\"wpforms-20-field_1\" >Email<\/label>\n\t\t\t<input type=\"text\" id=\"wpforms-20-field_1\" class=\"wpforms-field-medium\" name=\"wpforms[fields][1]\" >\n\t\t<\/div>\n\t\t<div id=\"wpforms-20-field_2-container\" class=\"wpforms-field wpforms-field-email\" data-field-id=\"2\"><label class=\"wpforms-field-label\" for=\"wpforms-20-field_2\">Email <span class=\"wpforms-required-label\" aria-hidden=\"true\">*<\/span><\/label><input type=\"email\" id=\"wpforms-20-field_2\" class=\"wpforms-field-medium wpforms-field-required\" name=\"wpforms[fields][2]\" spellcheck=\"false\" aria-errormessage=\"wpforms-20-field_2-error\" required><\/div><script>\n\t\t\t\t( function() {\n\t\t\t\t\tconst style = document.createElement( 'style' );\n\t\t\t\t\tstyle.appendChild( document.createTextNode( '#wpforms-20-field_1-container { position: absolute !important; overflow: hidden !important; display: inline !important; height: 1px !important; width: 1px !important; z-index: -1000 !important; padding: 0 !important; } #wpforms-20-field_1-container input { visibility: hidden; } #wpforms-conversational-form-page #wpforms-20-field_1-container label { counter-increment: none; }' ) );\n\t\t\t\t\tdocument.head.appendChild( style );\n\t\t\t\t\tdocument.currentScript?.remove();\n\t\t\t\t} )();\n\t\t\t<\/script><\/div><!-- .wpforms-field-container --><div class=\"wpforms-submit-container\" ><input type=\"hidden\" name=\"wpforms[id]\" value=\"20\"><input type=\"hidden\" name=\"page_title\" value=\"\"><input type=\"hidden\" name=\"page_url\" value=\"https:\/\/inmanuelkant.com\/index.php\/wp-json\/wp\/v2\/pages\/9\"><input type=\"hidden\" name=\"url_referer\" value=\"\"><button type=\"submit\" name=\"wpforms[submit]\" id=\"wpforms-submit-20\" class=\"wpforms-submit\" data-alt-text=\"Sending...\" data-submit-text=\"Suscribirse\" aria-live=\"assertive\" value=\"wpforms-submit\">Suscribirse<\/button><img loading=\"lazy\" decoding=\"async\" src=\"https:\/\/inmanuelkant.com\/wp-content\/plugins\/wpforms-lite\/assets\/images\/submit-spin.svg\" class=\"wpforms-submit-spinner\" style=\"display: none;\" width=\"26\" height=\"26\" alt=\"Cargando\"><\/div><\/form><\/div>  <!-- .wpforms-container -->\n\n\n<p>PD: Cuando te suscribas, vas a recibir la historia de como gan\u00e9 el primer contrato que me dio dinero. Como de puta casualidad, tuve la suerte de vender y eso me ense\u00f1o a facturar mucho ese a\u00f1o. Y sabr\u00e1s como aplicar eso a tu negocio.<\/p>\n\n\n\n<p><\/p>\n","protected":false},"excerpt":{"rendered":"<p>Una breve presentaci\u00f3n: No te voy a contar cosas bonitas ni mis logros extraordinarios. No hay fotos bonitas para parecer m\u00e1s de lo que es. Lo que es, es lo que hay. Quebr\u00e9 mi primera empresa, Si, as\u00ed fue. 5 a\u00f1os de trabajo, el mayor aprendizaje que me llev\u00e9 fue lo terco pesado y tambi\u00e9n &#8230; <a title=\"Home\" class=\"read-more\" href=\"https:\/\/inmanuelkant.com\/\" aria-label=\"Leer m\u00e1s sobre Home\">Leer m\u00e1s<\/a><\/p>\n","protected":false},"author":1,"featured_media":0,"parent":0,"menu_order":0,"comment_status":"closed","ping_status":"closed","template":"","meta":{"footnotes":""},"class_list":["post-9","page","type-page","status-publish"],"_links":{"self":[{"href":"https:\/\/inmanuelkant.com\/index.php\/wp-json\/wp\/v2\/pages\/9","targetHints":{"allow":["GET"]}}],"collection":[{"href":"https:\/\/inmanuelkant.com\/index.php\/wp-json\/wp\/v2\/pages"}],"about":[{"href":"https:\/\/inmanuelkant.com\/index.php\/wp-json\/wp\/v2\/types\/page"}],"author":[{"embeddable":true,"href":"https:\/\/inmanuelkant.com\/index.php\/wp-json\/wp\/v2\/users\/1"}],"replies":[{"embeddable":true,"href":"https:\/\/inmanuelkant.com\/index.php\/wp-json\/wp\/v2\/comments?post=9"}],"version-history":[{"count":4,"href":"https:\/\/inmanuelkant.com\/index.php\/wp-json\/wp\/v2\/pages\/9\/revisions"}],"predecessor-version":[{"id":28,"href":"https:\/\/inmanuelkant.com\/index.php\/wp-json\/wp\/v2\/pages\/9\/revisions\/28"}],"wp:attachment":[{"href":"https:\/\/inmanuelkant.com\/index.php\/wp-json\/wp\/v2\/media?parent=9"}],"curies":[{"name":"wp","href":"https:\/\/api.w.org\/{rel}","templated":true}]}}